{"id":1501,"date":"2023-10-04T13:22:02","date_gmt":"2023-10-04T11:22:02","guid":{"rendered":"https:\/\/katrinelund.se\/?page_id=1501"},"modified":"2025-10-30T10:32:23","modified_gmt":"2025-10-30T09:32:23","slug":"thank-you-for-your-conference-request","status":"publish","type":"page","link":"https:\/\/katrinelund.se\/en\/tack-for-din-konferensforfragan\/","title":{"rendered":"Tack f\u00f6r din konferensf\u00f6rfr\u00e5gan"},"content":{"rendered":"<div class=\"bde-globalblock-1501-104 bde-globalblock\"><section class=\"bde-section-1497-100-1497-1 bde-section bde-section-1497-100\">\n  \n  \n\t\n\n\n\n<div class=\"section-container\"><h1 class=\"bde-heading-1497-101-1497-1 bde-heading bde-heading-1497-101\">\nThank you for your email\n<\/h1><div class=\"bde-text-1497-102-1497-1 bde-text bde-text-1497-102\">\nWe will get back to you shortly.\n<\/div><div class=\"bde-button-1497-103-1497-1 bde-button bde-button-1497-103\">\n        \n    \n    \n    \n    \n            \n                    \n            \n            \n\n    \n    \n    \n    \n    \n    <a class=\"breakdance-link button-atom button-atom--primary bde-button__button\" href=\"\/en\/\" target=\"_self\" data-type=\"url\"  >\n\n    \n        <span class=\"button-atom__text\">To the home page<\/span>\n\n        \n        \n                <\/a>\n\n    \n\n\n<\/div><\/div>\n<\/section><\/div>","protected":false},"excerpt":{"rendered":"<p>Tack f\u00f6r ditt mail Vi \u00e5terkommer till dig inom kort. [&hellip;]<\/p>\n","protected":false},"author":2,"featured_media":0,"parent":0,"menu_order":0,"comment_status":"closed","ping_status":"closed","template":"","meta":{"_acf_changed":false,"_breakdance_hide_in_design_set":false,"_breakdance_tags":"","footnotes":""},"class_list":["post-1501","page","type-page","status-publish","hentry"],"acf":[],"_links":{"self":[{"href":"https:\/\/katrinelund.se\/en\/wp-json\/wp\/v2\/pages\/1501","targetHints":{"allow":["GET"]}}],"collection":[{"href":"https:\/\/katrinelund.se\/en\/wp-json\/wp\/v2\/pages"}],"about":[{"href":"https:\/\/katrinelund.se\/en\/wp-json\/wp\/v2\/types\/page"}],"author":[{"embeddable":true,"href":"https:\/\/katrinelund.se\/en\/wp-json\/wp\/v2\/users\/2"}],"replies":[{"embeddable":true,"href":"https:\/\/katrinelund.se\/en\/wp-json\/wp\/v2\/comments?post=1501"}],"version-history":[{"count":2,"href":"https:\/\/katrinelund.se\/en\/wp-json\/wp\/v2\/pages\/1501\/revisions"}],"predecessor-version":[{"id":1905,"href":"https:\/\/katrinelund.se\/en\/wp-json\/wp\/v2\/pages\/1501\/revisions\/1905"}],"wp:attachment":[{"href":"https:\/\/katrinelund.se\/en\/wp-json\/wp\/v2\/media?parent=1501"}],"curies":[{"name":"wp","href":"https:\/\/api.w.org\/{rel}","templated":true}]}}