{"id":1610,"date":"2023-11-16T15:57:12","date_gmt":"2023-11-16T14:57:12","guid":{"rendered":"https:\/\/katrinelund.se\/?page_id=1610"},"modified":"2026-01-06T12:15:28","modified_gmt":"2026-01-06T11:15:28","slug":"new-years-eve-celebrations","status":"publish","type":"page","link":"https:\/\/katrinelund.se\/en\/mat-dryck\/nyarsfirande\/","title":{"rendered":"New Year celebrations"},"content":{"rendered":"<section class=\"bde-section-1610-100 bde-section\">\n  \n  \n\t\n\n\n\n<div class=\"section-container\"><\/div>\n<\/section><section class=\"bde-section-1610-101 bde-section\">\n  \n  \n\t\n\n\n\n<div class=\"section-container\"><div class=\"bde-div-1610-102 bde-div\">\n  \n  \n\t\n\n\n\n<h1 class=\"bde-heading-1610-103 bde-heading\">\nNy\u00e5rsfirande med guldkant\n<\/h1><div class=\"bde-text-1610-104 bde-text\">\nEn ny\u00e5r f\u00f6r dig som s\u00f6ker en gastronomisk upplevelse p\u00e5 en sk\u00f6n och avkopplande plats med k\u00e4raste eller v\u00e4nnerna. En gyllene kv\u00e4ll med bubblor i fokus. <br><br>\n<\/div>\n<\/div><div class=\"bde-columns-1610-107 bde-columns\"><div class=\"bde-column-1610-108 bde-column\">\n  \n  \n\t\n\n\n\n<div class=\"bde-div-1610-113 bde-div\">\n  \n  \n\t\n\n\n\n<div class=\"bde-div-1610-114 bde-div\">\n  \n  \n\t\n\n\n\n<h1 class=\"bde-heading-1610-110 bde-heading\">\nSk\u00f6nt Ny\u00e5rsfirande  <br>\n<\/h1><h2 class=\"bde-heading-1610-174 bde-heading\">\nFullbokat\n<\/h2><div class=\"bde-text-1610-111 bde-text\">\nNy\u00e5rsfirande med \u00f6vernattning b\u00f6rjar redan vid er ankomst. Njut tilltugg och ett glas mousserande i v\u00e5rt mysiga bibliotek. D\u00e4refter kopplar ni av med en sk\u00f6n relax av bubblor i\u00a0 utomhusjacuzzin,<br>eller f\u00f6rtrollas av Hj\u00e4lmarens gnistrande ist\u00e4cke genom f\u00f6nstret p\u00e5 v\u00e5r vedeldade sj\u00f6bastu - kanske med ett sista dopp i sj\u00f6n f\u00f6r \u00e5ret?<br><br>N\u00e4r kv\u00e4llen nalkas \u00e4r dags att s\u00e4tta sig till bords f\u00f6r aptitretande snacks f\u00f6ljt av en v\u00e4lkomponerad 4-r\u00e4tters ny\u00e5rssup\u00e9. Tolvslaget firar vi tillsammans med sprudlande champagne och tre snittar.<br>Vi s\u00e4tter djur och natur i fokus och t\u00e4nder h\u00e4rligt sprakande eldar ist\u00e4llet f\u00f6r fyrverkerier. Kv\u00e4llen avslutar ni\u00a0sippandes p\u00e5 en stj\u00e4rnfylld drink i baren, eller med en promenad under klar natthimmel innan en sk\u00f6n natts s\u00f6mn.<br><br>\u00c5rets f\u00f6rsta dag startar med en v\u00e4lfylld brunch i lugn och ro, innan ni checkar ut och ger er av mot ett nytt sp\u00e4nnande \u00e5r fyllda av energi!<br><br>Ny\u00e5rssup\u00e9<br>2x Snacks<br>Eldad pilgrimsmussla - vit soja - svart tryffel <br>Sm\u00f6rstekt Hj\u00e4lmarg\u00f6s - jord\u00e4rtskockspur\u00e9 - champagnes\u00e5s - l\u00f6jrom<br>Beef Wellington - rotselleripur\u00e9 - fikon - madieras\u00e5s<br>Chokladsouffl\u00e9 - vaniljglass - saltkolas\u00e5s<br><br>F\u00f6r er som inte \u00f6nskar \u00f6vernatta \u00e4r ni varmt v\u00e4lkomma f\u00f6r endast Ny\u00e5rsup\u00e9 enligt ovan : D\u00e5 ing\u00e5r 1 gl bubbel vid er ankomst samt snittar och ett glas bubbel vid tolvslaget. (alkoholfritt alternativ finns)<br>Pris 1450 kr per pers\n<\/div><div class=\"bde-button-1610-171 bde-button\">\n        \n    \n    \n    \n    \n            \n                    \n            \n            \n\n    \n    \n    \n    \n    \n    <a class=\"breakdance-link button-atom button-atom--primary bde-button__button\" href=\"https:\/\/online.bookvisit.com\/v2\/widget\/WidgetNewWindowStart?channelId=e69ca07a-7ead-4196-94ba-b5c66466e09d&amp;culture=sv-SE&amp;packageId=9817aec0-7cef-4f5d-8175-5043534787a9&amp;year=2024&amp;month=12&amp;day=31&amp;stayLength=1&amp;roomConfig=a1\" target=\"_blank\" data-type=\"url\" rel=\"noopener\">\n\n    \n        <span class=\"button-atom__text\">Boka ny\u00e5rspaketet<\/span>\n\n        \n        \n                <\/a>\n\n    \n\n\n<\/div>\n<\/div>\n<\/div>\n<\/div><div class=\"bde-column-1610-109 bde-column\">\n  \n  \n\t\n\n\n\n<div class=\"bde-image-1610-112 bde-image\">\n<figure class=\"breakdance-image breakdance-image--268\">\n\t<div class=\"breakdance-image-container\">\n\t\t<div class=\"breakdance-image-clip\"><img loading=\"lazy\" decoding=\"async\" class=\"breakdance-image-object\" src=\"https:\/\/katrinelund.se\/wp-content\/uploads\/2023\/09\/17qEy4oT-1170x780-1.jpeg\" width=\"1170\" height=\"780\" srcset=\"https:\/\/katrinelund.se\/wp-content\/uploads\/2023\/09\/17qEy4oT-1170x780-1.jpeg 1170w, https:\/\/katrinelund.se\/wp-content\/uploads\/2023\/09\/17qEy4oT-1170x780-1-300x200.jpeg 300w, https:\/\/katrinelund.se\/wp-content\/uploads\/2023\/09\/17qEy4oT-1170x780-1-1024x683.jpeg 1024w, https:\/\/katrinelund.se\/wp-content\/uploads\/2023\/09\/17qEy4oT-1170x780-1-768x512.jpeg 768w\" sizes=\"auto, (max-width: 1170px) 100vw, 1170px\"><\/div>\n\t<\/div><\/figure>\n\n<\/div>\n<\/div><\/div><div class=\"bde-div-1610-172 bde-div\">\n  \n  \n\t\n\n\n\n<div class=\"bde-code-block-1610-173 bde-code-block\">\n\n  <!-- docs: https:\/\/caspeco.atlassian.net\/wiki\/spaces\/DD\/pages\/304185348\/Caspeco+JavaScript+SDK -->\n\n<div class=\"caspeco-booking\" data-system=\"se_katmel\" data-unitId=\"13\" data-colorTheme='{\n   \"palette\":{\n\t\t\t\"mode\": \"light\",\n      \"primary\":{\n         \"main\":\"#D1BC72\"\n      },\n      \"secondary\":{\n         \"main\":\"#AD753C\"\n      },\n      \"error\":{\n         \"main\":\"#f64837\"\n      },\n      \"warning\":{\n         \"main\":\"#f64837\"\n      },\n      \"info\":{\n         \"main\":\"#f64837\"\n      },\n      \"background\":{\n         \"default\":\"#ffffff\"\n      }\n   },\n   \"typography\":{\n      \"fontSize\":14,\n      \"fontFamily\":\"cabin\",\n      \"h6\":{\n         \"color\":\"#D1BC72\",\n         \"fontSize\":14,\n         \"fontFamily\":\"cabin\"\n      }\n   },\n   \"components\":{\n      \"MuiStepLabel\":{\n         \"styleOverrides\":{\n            \"label\":{\n               \"&$active\":{\n                  \"color\":\"#D1BC72\"\n               }\n            }\n         }\n      },\n      \"MuiAccordionSummary\":{\n         \"styleOverrides\":{\n            \"root\":{\n               \"color\":\"#000000\",\n               \"textTransform\":\"uppercase\"\n            }\n         }\n      },\n\"MuiInputBaseRoot\":{\n         \"styleOverrides\":{\n            \"root\":{\n               \"color\":\"#000000\",\n               \"textTransform\":\"uppercase\"\n            }\n         }\n},\n      \"shape\":{\n         \"borderRadius\":0\n      }\n   }\n}'><\/div>\n\n<script>\n\t(function(w, d, s, id, cso) {\n\t\tw['CaspecoSDKObject'] = cso;\n\t\tvar js, cjs = d.getElementsByTagName(s)[0];\n\t\tif (d.getElementById(id)) return;\n\t\tjs = d.createElement(s);\n\t\tjs.id = id;\n\t\tjs.src = 'https:\/\/cdn.caspeco.se\/sv_SE\/sdk.js?version=c1.0.0';\n\t\tcjs.parentNode.insertBefore(js, cjs);\n\t}(window, document, 'script', 'caspeco-sdk', 'ca'));\n<\/script>\n\n\n<\/div>\n<\/div><\/div>\n<\/section><section class=\"bde-section-1610-115 bde-section\">\n  \n  \n\t\n\n\n\n<div class=\"section-container\"><\/div>\n<\/section>","protected":false},"excerpt":{"rendered":"<p>Ny\u00e5rsfirande med guldkant En ny\u00e5r f\u00f6r dig som s\u00f6ker en [&hellip;]<\/p>\n","protected":false},"author":5,"featured_media":0,"parent":33,"menu_order":0,"comment_status":"closed","ping_status":"closed","template":"","meta":{"_acf_changed":false,"_breakdance_hide_in_design_set":false,"_breakdance_tags":"","footnotes":""},"class_list":["post-1610","page","type-page","status-publish","hentry"],"acf":[],"_links":{"self":[{"href":"https:\/\/katrinelund.se\/en\/wp-json\/wp\/v2\/pages\/1610","targetHints":{"allow":["GET"]}}],"collection":[{"href":"https:\/\/katrinelund.se\/en\/wp-json\/wp\/v2\/pages"}],"about":[{"href":"https:\/\/katrinelund.se\/en\/wp-json\/wp\/v2\/types\/page"}],"author":[{"embeddable":true,"href":"https:\/\/katrinelund.se\/en\/wp-json\/wp\/v2\/users\/5"}],"replies":[{"embeddable":true,"href":"https:\/\/katrinelund.se\/en\/wp-json\/wp\/v2\/comments?post=1610"}],"version-history":[{"count":22,"href":"https:\/\/katrinelund.se\/en\/wp-json\/wp\/v2\/pages\/1610\/revisions"}],"predecessor-version":[{"id":2928,"href":"https:\/\/katrinelund.se\/en\/wp-json\/wp\/v2\/pages\/1610\/revisions\/2928"}],"up":[{"embeddable":true,"href":"https:\/\/katrinelund.se\/en\/wp-json\/wp\/v2\/pages\/33"}],"wp:attachment":[{"href":"https:\/\/katrinelund.se\/en\/wp-json\/wp\/v2\/media?parent=1610"}],"curies":[{"name":"wp","href":"https:\/\/api.w.org\/{rel}","templated":true}]}}