{"id":21,"date":"2023-09-04T16:36:21","date_gmt":"2023-09-04T14:36:21","guid":{"rendered":"https:\/\/katrinelund.se\/?page_id=21"},"modified":"2023-11-16T16:02:10","modified_gmt":"2023-11-16T15:02:10","slug":"coming-soon","status":"publish","type":"page","link":"https:\/\/katrinelund.se\/en\/coming-soon\/","title":{"rendered":"Coming soon"},"content":{"rendered":"<section class=\"bde-section-21-100 bde-section\">\n  \n  \n\t\n\n\n\n<div class=\"section-container\"><div class=\"bde-image-21-101 bde-image\">\n<figure class=\"breakdance-image breakdance-image--230\">\n\t<div class=\"breakdance-image-container\">\n\t\t<div class=\"breakdance-image-clip\"><img loading=\"lazy\" decoding=\"async\" class=\"breakdance-image-object\" src=\"https:\/\/katrinelund.se\/wp-content\/uploads\/2023\/09\/cropped-katrinelund-logo-favicon.jpg\" width=\"512\" height=\"512\" srcset=\"https:\/\/katrinelund.se\/wp-content\/uploads\/2023\/09\/cropped-katrinelund-logo-favicon.jpg 512w, https:\/\/katrinelund.se\/wp-content\/uploads\/2023\/09\/cropped-katrinelund-logo-favicon-300x300.jpg 300w, https:\/\/katrinelund.se\/wp-content\/uploads\/2023\/09\/cropped-katrinelund-logo-favicon-150x150.jpg 150w, https:\/\/katrinelund.se\/wp-content\/uploads\/2023\/09\/cropped-katrinelund-logo-favicon-270x270.jpg 270w, https:\/\/katrinelund.se\/wp-content\/uploads\/2023\/09\/cropped-katrinelund-logo-favicon-192x192.jpg 192w, https:\/\/katrinelund.se\/wp-content\/uploads\/2023\/09\/cropped-katrinelund-logo-favicon-180x180.jpg 180w, https:\/\/katrinelund.se\/wp-content\/uploads\/2023\/09\/cropped-katrinelund-logo-favicon-32x32.jpg 32w\" sizes=\"auto, (max-width: 512px) 100vw, 512px\"><\/div>\n\t<\/div><\/figure>\n\n<\/div><h1 class=\"bde-heading-21-102 bde-heading\">\nUnder construction\n<\/h1><div class=\"bde-text-21-103 bde-text\">\nKatrinelund's new website is under construction\n<\/div><div class=\"bde-button-21-105 bde-button\">\n        \n    \n    \n    \n    \n            \n                    \n            \n            \n\n    \n    \n    \n    \n    \n    <a class=\"breakdance-link button-atom button-atom--primary bde-button__button\" href=\"https:\/\/katrinelund.se\/en\/\" target=\"_self\" data-type=\"url\"  >\n\n    \n        <span class=\"button-atom__text\">Visit our current website<\/span>\n\n        \n        \n                <\/a>\n\n    \n\n\n<\/div><\/div>\n<\/section>","protected":false},"excerpt":{"rendered":"<p>Under uppbyggnad Katrinelunds nya hemsida \u00e4r under uppbyggnad Bes\u00f6k v\u00e5r [&hellip;]<\/p>\n","protected":false},"author":2,"featured_media":0,"parent":0,"menu_order":0,"comment_status":"closed","ping_status":"closed","template":"","meta":{"_acf_changed":false,"_breakdance_hide_in_design_set":false,"_breakdance_tags":"","footnotes":""},"class_list":["post-21","page","type-page","status-publish","hentry"],"acf":[],"_links":{"self":[{"href":"https:\/\/katrinelund.se\/en\/wp-json\/wp\/v2\/pages\/21","targetHints":{"allow":["GET"]}}],"collection":[{"href":"https:\/\/katrinelund.se\/en\/wp-json\/wp\/v2\/pages"}],"about":[{"href":"https:\/\/katrinelund.se\/en\/wp-json\/wp\/v2\/types\/page"}],"author":[{"embeddable":true,"href":"https:\/\/katrinelund.se\/en\/wp-json\/wp\/v2\/users\/2"}],"replies":[{"embeddable":true,"href":"https:\/\/katrinelund.se\/en\/wp-json\/wp\/v2\/comments?post=21"}],"version-history":[{"count":4,"href":"https:\/\/katrinelund.se\/en\/wp-json\/wp\/v2\/pages\/21\/revisions"}],"predecessor-version":[{"id":232,"href":"https:\/\/katrinelund.se\/en\/wp-json\/wp\/v2\/pages\/21\/revisions\/232"}],"wp:attachment":[{"href":"https:\/\/katrinelund.se\/en\/wp-json\/wp\/v2\/media?parent=21"}],"curies":[{"name":"wp","href":"https:\/\/api.w.org\/{rel}","templated":true}]}}