{"id":2497,"date":"2024-06-10T13:27:10","date_gmt":"2024-06-10T11:27:10","guid":{"rendered":"https:\/\/katrinelund.se\/?page_id=2497"},"modified":"2025-03-05T13:31:10","modified_gmt":"2025-03-05T12:31:10","slug":"flavour-stories","status":"publish","type":"page","link":"https:\/\/katrinelund.se\/en\/smaksagor\/","title":{"rendered":"Flavour stories"},"content":{"rendered":"<section class=\"bde-section-2497-100 bde-section\">\n  \n  \n\t\n\n\n\n<div class=\"section-container\"><\/div>\n<\/section><section class=\"bde-section-2497-101 bde-section\">\n  \n  \n\t\n\n\n\n<div class=\"section-container\"><div class=\"bde-div-2497-102 bde-div\">\n  \n  \n\t\n\n\n\n<h1 class=\"bde-heading-2497-103 bde-heading\">\nFlavour stories\n<\/h1><div class=\"bde-text-2497-104 bde-text\">\nSmaksagor is a series of short films about those of us who work and live at Katrinelund. It highlights the work of running a restaurant that \"lies where the road ends\" and shows the love behind every menu and every dish. You'll hear stories of failing at work, tasting an ingredient that surpasses the birth of one's child, food memories that endure for over 40 years, daring to do what no one else has done, the community on the waterfront, and suppliers who have paid the ultimate price for offering the highest quality ingredients.\n<\/div>\n<\/div><div class=\"bde-columns-2497-107 bde-columns\"><div class=\"bde-column-2497-108 bde-column\">\n  \n  \n\t\n\n\n\n<div class=\"bde-div-2497-113 bde-div\">\n  \n  \n\t\n\n\n\n<div class=\"bde-div-2497-114 bde-div\">\n  \n  \n\t\n\n\n\n<div class=\"bde-text-2497-190 bde-text\">\nSection 1\n<\/div><h2 class=\"bde-heading-2497-110 bde-heading\">\nThe avalanche and the crying cook\n<\/h2><div class=\"bde-text-2497-111 bde-text\">\nEpisode 1 is about Roger Hj\u00e4lm, restaurateur at Katrinelund G\u00e4stgiveri &amp; Sj\u00f6krog and a storyteller of rank. After an avalanche accident in the Alps, he has a revelation that leads him back to N\u00e4rke via the restaurant kitchens of Europe.\n<\/div>\n<\/div>\n<\/div>\n<\/div><div class=\"bde-column-2497-109 bde-column\">\n  \n  \n\t\n\n\n\n<div class=\"bde-video-2497-181 bde-video\">\n<div class=\"ee-video-container\">\n                                                                        \n                <lite-youtube\n                        videoid=\"d9rbVbhWxLw\"\n                                                style=\"background-image: url(https:\/\/i.ytimg.com\/vi\/d9rbVbhWxLw\/maxresdefault.jpg); \"\n                        class=\"ee-video\"\n                        title=\"\"\n                        params=\"&playsinline=0&rel=0&enablejsapi=1\"\n                >\n                <\/lite-youtube>\n                    \n        \n            \n    <\/div>\n\n<\/div>\n<\/div><\/div><div class=\"bde-columns-2497-182 bde-columns\"><div class=\"bde-column-2497-183 bde-column\">\n  \n  \n\t\n\n\n\n<div class=\"bde-div-2497-184 bde-div\">\n  \n  \n\t\n\n\n\n<div class=\"bde-div-2497-185 bde-div\">\n  \n  \n\t\n\n\n\n<div class=\"bde-text-2497-191 bde-text\">\nSection 2\n<\/div><h2 class=\"bde-heading-2497-186 bde-heading\">\nWAVES CRASHING AT THE END OF THE ROAD\n<\/h2><div class=\"bde-text-2497-187 bde-text\">\n\"It's a bit cheating to have the restaurant here\" - Episode 2 is about the place Katrinelund. Why does the restaurateur Roger think his partner is stupid? And why is it a privilege to work at Katrinelund?\n<\/div>\n<\/div>\n<\/div>\n<\/div><div class=\"bde-column-2497-188 bde-column\">\n  \n  \n\t\n\n\n\n<div class=\"bde-video-2497-189 bde-video\">\n<div class=\"ee-video-container\">\n                                                                        \n                <lite-youtube\n                        videoid=\"rUK_RaxTRac\"\n                                                style=\"background-image: url(https:\/\/i.ytimg.com\/vi\/rUK_RaxTRac\/maxresdefault.jpg); \"\n                        class=\"ee-video\"\n                        title=\"\"\n                        params=\"&playsinline=0&rel=0&enablejsapi=1\"\n                >\n                <\/lite-youtube>\n                    \n        \n            \n    <\/div>\n\n<\/div>\n<\/div><\/div><div class=\"bde-columns-2497-192 bde-columns\"><div class=\"bde-column-2497-193 bde-column\">\n  \n  \n\t\n\n\n\n<div class=\"bde-div-2497-194 bde-div\">\n  \n  \n\t\n\n\n\n<div class=\"bde-div-2497-195 bde-div\">\n  \n  \n\t\n\n\n\n<div class=\"bde-text-2497-196 bde-text\">\nSection 3\n<\/div><h2 class=\"bde-heading-2497-197 bde-heading\">\nPIKE PERCH, JOY AND STREET CAMOMILE\n<\/h2><div class=\"bde-text-2497-198 bde-text\">\n\"I refuse to see it on the menu of a Michelin-starred restaurant in a big city\" - Episode 3 is about the ingredients that grow and live near Katrinelund. It's about drinks, meat, geese, squid, plants and above all: Hj\u00e4lmarg\u00f6sen.\n<\/div>\n<\/div>\n<\/div>\n<\/div><div class=\"bde-column-2497-199 bde-column\">\n  \n  \n\t\n\n\n\n<div class=\"bde-video-2497-200 bde-video\">\n<div class=\"ee-video-container\">\n                                                                        \n                <lite-youtube\n                        videoid=\"MSoW_girxRY\"\n                                                style=\"background-image: url(https:\/\/i.ytimg.com\/vi\/MSoW_girxRY\/maxresdefault.jpg); \"\n                        class=\"ee-video\"\n                        title=\"\"\n                        params=\"&playsinline=0&rel=0&enablejsapi=1\"\n                >\n                <\/lite-youtube>\n                    \n        \n            \n    <\/div>\n\n<\/div>\n<\/div><\/div><div class=\"bde-columns-2497-201 bde-columns\"><div class=\"bde-column-2497-202 bde-column\">\n  \n  \n\t\n\n\n\n<div class=\"bde-div-2497-203 bde-div\">\n  \n  \n\t\n\n\n\n<div class=\"bde-div-2497-204 bde-div\">\n  \n  \n\t\n\n\n\n<div class=\"bde-text-2497-205 bde-text\">\nSection 4\n<\/div><h2 class=\"bde-heading-2497-206 bde-heading\">\nTwo forks in the neck\n<\/h2><div class=\"bde-text-2497-207 bde-text\">\n\"I remember everything like a film 45 years later\" - The fourth episode of the short documentary series Taste Stories is about food and how the staff at Katrinelund G\u00e4stgiveri &amp; Sj\u00f6krog go about creating food memories.\n<\/div>\n<\/div>\n<\/div>\n<\/div><div class=\"bde-column-2497-208 bde-column\">\n  \n  \n\t\n\n\n\n<div class=\"bde-video-2497-209 bde-video\">\n<div class=\"ee-video-container\">\n                                                                        \n                <lite-youtube\n                        videoid=\"91dEQebDP0o\"\n                                                style=\"background-image: url(https:\/\/i.ytimg.com\/vi\/91dEQebDP0o\/maxresdefault.jpg); \"\n                        class=\"ee-video\"\n                        title=\"\"\n                        params=\"&playsinline=0&rel=0&enablejsapi=1\"\n                >\n                <\/lite-youtube>\n                    \n        \n            \n    <\/div>\n\n<\/div>\n<\/div><\/div><div class=\"bde-columns-2497-210 bde-columns\"><div class=\"bde-column-2497-211 bde-column\">\n  \n  \n\t\n\n\n\n<div class=\"bde-div-2497-212 bde-div\">\n  \n  \n\t\n\n\n\n<div class=\"bde-div-2497-213 bde-div\">\n  \n  \n\t\n\n\n\n<div class=\"bde-text-2497-214 bde-text\">\nEpisode 5\n<\/div><h2 class=\"bde-heading-2497-215 bde-heading\">\nRhubarb and respect for death\n<\/h2><div class=\"bde-text-2497-216 bde-text\">\n\"Our neighbours and best friends, the suppliers\" - The fifth and final episode of Taste Tales is a tribute to the people who cultivate the land and lake at Katrinelund to deliver the highest quality produce.\n<\/div>\n<\/div>\n<\/div>\n<\/div><div class=\"bde-column-2497-217 bde-column\">\n  \n  \n\t\n\n\n\n<div class=\"bde-video-2497-218 bde-video\">\n<div class=\"ee-video-container\">\n                                                                        \n                <lite-youtube\n                        videoid=\"f3fSSYTSSpw\"\n                                                style=\"background-image: url(https:\/\/i.ytimg.com\/vi\/f3fSSYTSSpw\/maxresdefault.jpg); \"\n                        class=\"ee-video\"\n                        title=\"\"\n                        params=\"&playsinline=0&rel=0&enablejsapi=1\"\n                >\n                <\/lite-youtube>\n                    \n        \n            \n    <\/div>\n\n<\/div>\n<\/div><\/div><\/div>\n<\/section><section class=\"bde-section-2497-115 bde-section\">\n  \n  \n\t\n\n\n\n<div class=\"section-container\"><\/div>\n<\/section>","protected":false},"excerpt":{"rendered":"<p>Smaksagor Smaksagor \u00e4r en serie kortfilmer som handlar om oss [&hellip;]<\/p>\n","protected":false},"author":5,"featured_media":0,"parent":0,"menu_order":0,"comment_status":"closed","ping_status":"closed","template":"","meta":{"_acf_changed":false,"_breakdance_hide_in_design_set":false,"_breakdance_tags":"","footnotes":""},"class_list":["post-2497","page","type-page","status-publish","hentry"],"acf":[],"_links":{"self":[{"href":"https:\/\/katrinelund.se\/en\/wp-json\/wp\/v2\/pages\/2497","targetHints":{"allow":["GET"]}}],"collection":[{"href":"https:\/\/katrinelund.se\/en\/wp-json\/wp\/v2\/pages"}],"about":[{"href":"https:\/\/katrinelund.se\/en\/wp-json\/wp\/v2\/types\/page"}],"author":[{"embeddable":true,"href":"https:\/\/katrinelund.se\/en\/wp-json\/wp\/v2\/users\/5"}],"replies":[{"embeddable":true,"href":"https:\/\/katrinelund.se\/en\/wp-json\/wp\/v2\/comments?post=2497"}],"version-history":[{"count":15,"href":"https:\/\/katrinelund.se\/en\/wp-json\/wp\/v2\/pages\/2497\/revisions"}],"predecessor-version":[{"id":2740,"href":"https:\/\/katrinelund.se\/en\/wp-json\/wp\/v2\/pages\/2497\/revisions\/2740"}],"wp:attachment":[{"href":"https:\/\/katrinelund.se\/en\/wp-json\/wp\/v2\/media?parent=2497"}],"curies":[{"name":"wp","href":"https:\/\/api.w.org\/{rel}","templated":true}]}}