{"id":3144,"date":"2025-05-06T12:20:30","date_gmt":"2025-05-06T10:20:30","guid":{"rendered":"https:\/\/katrinelund.se\/?page_id=3144"},"modified":"2025-05-08T07:56:12","modified_gmt":"2025-05-08T05:56:12","slug":"rent-the-whole-hotel","status":"publish","type":"page","link":"https:\/\/katrinelund.se\/en\/unika-upplevelser-event\/hyr-hela-hotellet\/","title":{"rendered":"Rent the whole hotel"},"content":{"rendered":"<section class=\"bde-section-3144-100 bde-section\">\n  \n  \n\t\n\n\n\n<div class=\"section-container\"><\/div>\n<\/section><section class=\"bde-section-3144-101 bde-section\">\n  \n  \n\t\n\n\n\n<div class=\"section-container\"><div class=\"bde-div-3144-102 bde-div\">\n  \n  \n\t\n\n\n\n<h1 class=\"bde-heading-3144-103 bde-heading\">\nRent the \"whole\" hotel\n<\/h1><div class=\"bde-text-3144-104 bde-text\">\nAre you a group of 18 people who want to rent an \"entire\" hotel for yourselves?   <br><br> \n<\/div><div class=\"bde-button-3144-105 bde-button\">\n        \n    \n    \n    \n    \n            \n                    \n            \n            \n\n    \n    \n    \n    \n    \n    <a class=\"breakdance-link button-atom button-atom--primary bde-button__button\" href=\"mailto:boka@katrinelund.se\" target=\"_self\" data-type=\"url\"  >\n\n    \n        <span class=\"button-atom__text\">Send an enquiry<\/span>\n\n        \n        \n                <\/a>\n\n    \n\n\n<\/div>\n<\/div><\/div>\n<\/section><section class=\"bde-section-3144-106 bde-section\">\n  \n  \n\t\n\n\n\n<div class=\"section-container\"><div class=\"bde-columns-3144-128 bde-columns\"><div class=\"bde-column-3144-129 bde-column\">\n  \n  \n\t\n\n\n\n<div class=\"bde-div-3144-130 bde-div\">\n  \n  \n\t\n\n\n\n<div class=\"bde-div-3144-131 bde-div\">\n  \n  \n\t\n\n\n\n<h2 class=\"bde-heading-3144-132 bde-heading\">\nBook for you &amp; your friends\n<\/h2><div class=\"bde-text-3144-133 bde-text\">\nNow you have the opportunity to rent all deluxe double rooms by the pool for your group. All rooms have their own terrace facing the pool - perfect during the summer for chilling out before dinner or a poolside mingle afterwards. <br>Hurry up and get a group of 18 people together and make a request for the \"whole\" hotel.<br><br>The package includes <br>Overnight stay in deluxe double room, breakfast<br>gym, sauna, outdoor jacuzzi, relaxation and<br>3-course dinner in our restaurant<br><br>Send us your enquiry and we will get back to you with more information, availability and price\n<\/div>\n<\/div>\n<\/div>\n<\/div><div class=\"bde-column-3144-134 bde-column\">\n  \n  \n\t\n\n\n\n<div class=\"bde-image-3144-114 bde-image\">\n<figure class=\"breakdance-image breakdance-image--3137\">\n\t<div class=\"breakdance-image-container\">\n\t\t<div class=\"breakdance-image-clip\"><img loading=\"lazy\" decoding=\"async\" class=\"breakdance-image-object\" src=\"https:\/\/katrinelund.se\/wp-content\/uploads\/2025\/05\/Hyr-hela-hotellet-1.png\" width=\"1316\" height=\"878\" srcset=\"https:\/\/katrinelund.se\/wp-content\/uploads\/2025\/05\/Hyr-hela-hotellet-1.png 1316w, https:\/\/katrinelund.se\/wp-content\/uploads\/2025\/05\/Hyr-hela-hotellet-1-300x200.png 300w, https:\/\/katrinelund.se\/wp-content\/uploads\/2025\/05\/Hyr-hela-hotellet-1-1024x683.png 1024w, https:\/\/katrinelund.se\/wp-content\/uploads\/2025\/05\/Hyr-hela-hotellet-1-768x512.png 768w, https:\/\/katrinelund.se\/wp-content\/uploads\/2025\/05\/Hyr-hela-hotellet-1-18x12.png 18w\" sizes=\"auto, (max-width: 1316px) 100vw, 1316px\"><\/div>\n\t<\/div><\/figure>\n\n<\/div>\n<\/div><\/div><\/div>\n<\/section><section class=\"bde-section-3144-115 bde-section\">\n  \n  \n\t\n\n\n\n<div class=\"section-container\"><\/div>\n<\/section><section class=\"bde-section-3144-116 bde-section\">\n  \n  \n\t\n\n\n\n<div class=\"section-container\"><div class=\"bde-div-3144-125 bde-div\">\n  \n  \n\t\n\n\n\n\n<\/div><\/div>\n<\/section>","protected":false},"excerpt":{"rendered":"<p>Hyr &#8221;hela&#8221; hotellet \u00c4r ni ett g\u00e4ng p\u00e5 18 pers [&hellip;]<\/p>\n","protected":false},"author":6,"featured_media":0,"parent":47,"menu_order":0,"comment_status":"closed","ping_status":"closed","template":"","meta":{"_acf_changed":false,"_breakdance_hide_in_design_set":false,"_breakdance_tags":"","footnotes":""},"class_list":["post-3144","page","type-page","status-publish","hentry"],"acf":[],"_links":{"self":[{"href":"https:\/\/katrinelund.se\/en\/wp-json\/wp\/v2\/pages\/3144","targetHints":{"allow":["GET"]}}],"collection":[{"href":"https:\/\/katrinelund.se\/en\/wp-json\/wp\/v2\/pages"}],"about":[{"href":"https:\/\/katrinelund.se\/en\/wp-json\/wp\/v2\/types\/page"}],"author":[{"embeddable":true,"href":"https:\/\/katrinelund.se\/en\/wp-json\/wp\/v2\/users\/6"}],"replies":[{"embeddable":true,"href":"https:\/\/katrinelund.se\/en\/wp-json\/wp\/v2\/comments?post=3144"}],"version-history":[{"count":7,"href":"https:\/\/katrinelund.se\/en\/wp-json\/wp\/v2\/pages\/3144\/revisions"}],"predecessor-version":[{"id":3163,"href":"https:\/\/katrinelund.se\/en\/wp-json\/wp\/v2\/pages\/3144\/revisions\/3163"}],"up":[{"embeddable":true,"href":"https:\/\/katrinelund.se\/en\/wp-json\/wp\/v2\/pages\/47"}],"wp:attachment":[{"href":"https:\/\/katrinelund.se\/en\/wp-json\/wp\/v2\/media?parent=3144"}],"curies":[{"name":"wp","href":"https:\/\/api.w.org\/{rel}","templated":true}]}}