{"id":3255,"date":"2025-07-08T15:43:24","date_gmt":"2025-07-08T13:43:24","guid":{"rendered":"https:\/\/katrinelund.se\/?page_id=3255"},"modified":"2025-11-06T07:43:10","modified_gmt":"2025-11-06T06:43:10","slug":"dealings","status":"publish","type":"page","link":"https:\/\/katrinelund.se\/en\/dealen\/","title":{"rendered":"Dealings"},"content":{"rendered":"<section class=\"bde-section-3255-583 bde-section\">\n  \n  \n\t\n\n\n\n<div class=\"section-container\"><\/div>\n<\/section><section class=\"bde-section-3255-584 bde-section\">\n  \n  \n\t\n\n\n\n<div class=\"section-container\"><div class=\"bde-div-3255-585 bde-div\">\n  \n  \n\t\n\n\n\n<h1 class=\"bde-heading-3255-586 bde-heading\">\nDealings\n<\/h1><div class=\"bde-text-3255-587 bde-text\">\nVad kul att du hittat en golfboll! Vi bjuder 1 person p\u00e5 boendedelen (del i dubbelrum) p\u00e5 v\u00e5ra Katrinelundsfeelingpaket & Relaxpaket under utvalda datum.  \n<\/div>\n<\/div><\/div>\n<\/section><section class=\"bde-section-3255-626 bde-section\">\n  \n  \n\t\n\n\n\n<div class=\"section-container\"><div class=\"bde-columns-3255-627 bde-columns\"><div class=\"bde-column-3255-628 bde-column\">\n  \n  \n\t\n\n\n\n<div class=\"bde-image-3255-629 bde-image\" data-entrance=\"fade\">\n<figure class=\"breakdance-image breakdance-image--3403\">\n\t<div class=\"breakdance-image-container\">\n\t\t<div class=\"breakdance-image-clip\"><img loading=\"lazy\" decoding=\"async\" class=\"breakdance-image-object\" src=\"https:\/\/katrinelund.se\/wp-content\/uploads\/2025\/09\/KATR0016_Gastgiveriet_har_oppnat_1080x1080_1080x1350_1080x1920_v1-2.jpeg\" width=\"1440\" height=\"1440\" srcset=\"https:\/\/katrinelund.se\/wp-content\/uploads\/2025\/09\/KATR0016_Gastgiveriet_har_oppnat_1080x1080_1080x1350_1080x1920_v1-2.jpeg 1440w, https:\/\/katrinelund.se\/wp-content\/uploads\/2025\/09\/KATR0016_Gastgiveriet_har_oppnat_1080x1080_1080x1350_1080x1920_v1-2-300x300.jpeg 300w, https:\/\/katrinelund.se\/wp-content\/uploads\/2025\/09\/KATR0016_Gastgiveriet_har_oppnat_1080x1080_1080x1350_1080x1920_v1-2-1024x1024.jpeg 1024w, https:\/\/katrinelund.se\/wp-content\/uploads\/2025\/09\/KATR0016_Gastgiveriet_har_oppnat_1080x1080_1080x1350_1080x1920_v1-2-150x150.jpeg 150w, https:\/\/katrinelund.se\/wp-content\/uploads\/2025\/09\/KATR0016_Gastgiveriet_har_oppnat_1080x1080_1080x1350_1080x1920_v1-2-768x768.jpeg 768w, https:\/\/katrinelund.se\/wp-content\/uploads\/2025\/09\/KATR0016_Gastgiveriet_har_oppnat_1080x1080_1080x1350_1080x1920_v1-2-12x12.jpeg 12w\" sizes=\"auto, (max-width: 1440px) 100vw, 1440px\"><\/div>\n\t<\/div><\/figure>\n\n<\/div>\n<\/div><div class=\"bde-column-3255-630 bde-column\">\n  \n  \n\t\n\n\n\n<div class=\"bde-div-3255-631 bde-div\">\n  \n  \n\t\n\n\n\n<div class=\"bde-div-3255-632 bde-div\">\n  \n  \n\t\n\n\n\n<h2 class=\"bde-heading-3255-633 bde-heading\">\nG\u00e4stgiveriet har \u00f6ppnat\n<\/h2><div class=\"bde-text-3255-634 bde-text\">\nA modern dining experience! Enjoy high-level gastronomy in the dining room's innovative menus. Always with ingredients from forests, fields and gardens in our surroundings - not least from the sparkling Hj\u00e4lmaren right outside our window.<br><br>A dining experience like no other<br>Discover the modern gastronomy of G\u00e4stgiveriet - where every meal is a work of art made from the best seasonal ingredients from the forest, fields and gardens - and with the sparkling waters of Lake Hj\u00e4lmar as your nearest neighbour. Enjoy a 4-course menu, ala carte or rustic evening meal on weekend evenings. All food is prepared with heart and soul - sustainable, flavourful and inspired by nature.<br><br>Food &amp; drink in perfect harmony<br>For us, the drink is as important as the food. Wine, beer or non-alcoholic - we match creatively and passionately to enhance every flavour experience.\n<\/div>\n<\/div>\n<\/div>\n<\/div><\/div><\/div>\n<\/section><section class=\"bde-section-3255-609 bde-section\">\n  \n  \n\t\n\n\n\n<div class=\"section-container\"><\/div>\n<\/section>","protected":false},"excerpt":{"rendered":"<p>Dealen Vad kul att du hittat en golfboll! Vi bjuder [&hellip;]<\/p>\n","protected":false},"author":1,"featured_media":0,"parent":0,"menu_order":0,"comment_status":"closed","ping_status":"closed","template":"","meta":{"_acf_changed":false,"_breakdance_hide_in_design_set":false,"_breakdance_tags":"","footnotes":""},"class_list":["post-3255","page","type-page","status-publish","hentry"],"acf":[],"_links":{"self":[{"href":"https:\/\/katrinelund.se\/en\/wp-json\/wp\/v2\/pages\/3255","targetHints":{"allow":["GET"]}}],"collection":[{"href":"https:\/\/katrinelund.se\/en\/wp-json\/wp\/v2\/pages"}],"about":[{"href":"https:\/\/katrinelund.se\/en\/wp-json\/wp\/v2\/types\/page"}],"author":[{"embeddable":true,"href":"https:\/\/katrinelund.se\/en\/wp-json\/wp\/v2\/users\/1"}],"replies":[{"embeddable":true,"href":"https:\/\/katrinelund.se\/en\/wp-json\/wp\/v2\/comments?post=3255"}],"version-history":[{"count":6,"href":"https:\/\/katrinelund.se\/en\/wp-json\/wp\/v2\/pages\/3255\/revisions"}],"predecessor-version":[{"id":3505,"href":"https:\/\/katrinelund.se\/en\/wp-json\/wp\/v2\/pages\/3255\/revisions\/3505"}],"wp:attachment":[{"href":"https:\/\/katrinelund.se\/en\/wp-json\/wp\/v2\/media?parent=3255"}],"curies":[{"name":"wp","href":"https:\/\/api.w.org\/{rel}","templated":true}]}}