{"id":601,"date":"2023-09-12T16:38:10","date_gmt":"2023-09-12T14:38:10","guid":{"rendered":"https:\/\/katrinelund.se\/?page_id=601"},"modified":"2025-05-06T11:40:36","modified_gmt":"2025-05-06T09:40:36","slug":"catering","status":"publish","type":"page","link":"https:\/\/katrinelund.se\/en\/unika-upplevelser-event\/catering\/","title":{"rendered":"Catering"},"content":{"rendered":"<section class=\"bde-section-601-100 bde-section\">\n  \n  \n\t\n\n\n\n<div class=\"section-container\"><\/div>\n<\/section><section class=\"bde-section-601-101 bde-section\">\n  \n  \n\t\n\n\n\n<div class=\"section-container\"><div class=\"bde-div-601-102 bde-div\">\n  \n  \n\t\n\n\n\n<h1 class=\"bde-heading-601-103 bde-heading\">\nCatering\n<\/h1><div class=\"bde-text-601-104 bde-text\">\nWould you like to enjoy our delicious Katrinelund food at home or in a unique location? <br>Perhaps catering for one of the beautiful premises at \u00d6rebro Castle? We create everything from simple mingle parties to creative gastronomic extra-all meals. <br>\n<\/div><div class=\"bde-button-601-105 bde-button\">\n        \n    \n    \n    \n    \n            \n                    \n            \n            \n\n    \n    \n    \n    \n    \n    <a class=\"breakdance-link button-atom button-atom--primary bde-button__button\" href=\"mailto:boka@katrinelund.se\" target=\"_self\" data-type=\"url\"  >\n\n    \n        <span class=\"button-atom__text\">Send an enquiry<\/span>\n\n        \n        \n                <\/a>\n\n    \n\n\n<\/div>\n<\/div><\/div>\n<\/section><section class=\"bde-section-601-106 bde-section\">\n  \n  \n\t\n\n\n\n<div class=\"section-container\"><div class=\"bde-columns-601-128 bde-columns\"><div class=\"bde-column-601-129 bde-column\">\n  \n  \n\t\n\n\n\n<div class=\"bde-div-601-130 bde-div\">\n  \n  \n\t\n\n\n\n<div class=\"bde-div-601-131 bde-div\">\n  \n  \n\t\n\n\n\n<h2 class=\"bde-heading-601-132 bde-heading\">\nWe love being challenged\n<\/h2><div class=\"bde-text-601-133 bde-text\">\nWith catering from Katrinelund you can enjoy good food regardless of location. It can be an intimate 3-course dinner where a Katrinelund chef cooks at your home, or delivery of a catering buffet for a large reception in your garden. Whatever the occasion and number, we want to create a memorable meal with flavour memories for life. No event or arrangement is too small or large.  We make the impossible possible!<br>Email us your enquiry and we will see how we can help you.\n<\/div>\n<\/div>\n<\/div>\n<\/div><div class=\"bde-column-601-134 bde-column\">\n  \n  \n\t\n\n\n\n<div class=\"bde-image-601-114 bde-image\">\n<figure class=\"breakdance-image breakdance-image--1756\">\n\t<div class=\"breakdance-image-container\">\n\t\t<div class=\"breakdance-image-clip\"><img loading=\"lazy\" decoding=\"async\" class=\"breakdance-image-object\" src=\"https:\/\/katrinelund.se\/wp-content\/uploads\/2023\/10\/robert-fixar-maten-flotten.jpg\" width=\"1170\" height=\"780\" srcset=\"https:\/\/katrinelund.se\/wp-content\/uploads\/2023\/10\/robert-fixar-maten-flotten.jpg 1170w, https:\/\/katrinelund.se\/wp-content\/uploads\/2023\/10\/robert-fixar-maten-flotten-300x200.jpg 300w, https:\/\/katrinelund.se\/wp-content\/uploads\/2023\/10\/robert-fixar-maten-flotten-1024x683.jpg 1024w, https:\/\/katrinelund.se\/wp-content\/uploads\/2023\/10\/robert-fixar-maten-flotten-768x512.jpg 768w\" sizes=\"auto, (max-width: 1170px) 100vw, 1170px\"><\/div>\n\t<\/div><\/figure>\n\n<\/div>\n<\/div><\/div><\/div>\n<\/section><section class=\"bde-section-601-115 bde-section\">\n  \n  \n\t\n\n\n\n<div class=\"section-container\"><\/div>\n<\/section><section class=\"bde-section-601-116 bde-section\">\n  \n  \n\t\n\n\n\n<div class=\"section-container\"><div class=\"bde-columns-601-144 bde-columns\"><div class=\"bde-column-601-150 bde-column\">\n  \n  \n\t\n\n\n\n<div class=\"bde-image-601-151 bde-image\">\n<figure class=\"breakdance-image breakdance-image--1808\">\n\t<div class=\"breakdance-image-container\">\n\t\t<div class=\"breakdance-image-clip\"><img loading=\"lazy\" decoding=\"async\" class=\"breakdance-image-object\" src=\"https:\/\/katrinelund.se\/wp-content\/uploads\/2023\/11\/orebro-slott.jpg\" width=\"1170\" height=\"800\" srcset=\"https:\/\/katrinelund.se\/wp-content\/uploads\/2023\/11\/orebro-slott.jpg 1170w, https:\/\/katrinelund.se\/wp-content\/uploads\/2023\/11\/orebro-slott-300x205.jpg 300w, https:\/\/katrinelund.se\/wp-content\/uploads\/2023\/11\/orebro-slott-1024x700.jpg 1024w, https:\/\/katrinelund.se\/wp-content\/uploads\/2023\/11\/orebro-slott-768x525.jpg 768w\" sizes=\"auto, (max-width: 1170px) 100vw, 1170px\" alt=\"\u00d6rebro Castle\"><\/div>\n\t<\/div><\/figure>\n\n<\/div>\n<\/div><div class=\"bde-column-601-145 bde-column\">\n  \n  \n\t\n\n\n\n<div class=\"bde-div-601-146 bde-div\">\n  \n  \n\t\n\n\n\n<div class=\"bde-div-601-147 bde-div\">\n  \n  \n\t\n\n\n\n<h2 class=\"bde-heading-601-148 bde-heading\">\ncatering for \u00f6rebro castle\n<\/h2><div class=\"bde-text-601-149 bde-text\">\nThrough collaboration with \u00d6rebro Castle, we have the opportunity to deliver food for your festivities in the beautiful halls of \u00d6rebro Castle. We have done everything from atmospheric large mingle with drinks inside Borgg\u00e5rden to small unique private 4-course dinners with musical entertainment in the main hall. Contact boka@katrinelund.se to find out more.\n<\/div>\n<\/div>\n<\/div>\n<\/div><\/div><div class=\"bde-div-601-125 bde-div\">\n  \n  \n\t\n\n\n\n<div class=\"bde-button-601-126 bde-button\">\n        \n    \n    \n    \n    \n            \n                    \n            \n            \n\n    \n    \n    \n    \n    \n    <a class=\"breakdance-link button-atom button-atom--primary bde-button__button\" href=\"mailto:boka@katrinelund.se\" target=\"_self\" data-type=\"url\"  >\n\n    \n        <span class=\"button-atom__text\">Send an enquiry<\/span>\n\n        \n        \n                <\/a>\n\n    \n\n\n<\/div>\n<\/div><\/div>\n<\/section>","protected":false},"excerpt":{"rendered":"<p>Catering Vill du njuta v\u00e5r goda Katrinelundsmat hemma hos dig [&hellip;]<\/p>\n","protected":false},"author":2,"featured_media":0,"parent":47,"menu_order":0,"comment_status":"closed","ping_status":"closed","template":"","meta":{"_acf_changed":false,"_breakdance_hide_in_design_set":false,"_breakdance_tags":"","footnotes":""},"class_list":["post-601","page","type-page","status-publish","hentry"],"acf":[],"_links":{"self":[{"href":"https:\/\/katrinelund.se\/en\/wp-json\/wp\/v2\/pages\/601","targetHints":{"allow":["GET"]}}],"collection":[{"href":"https:\/\/katrinelund.se\/en\/wp-json\/wp\/v2\/pages"}],"about":[{"href":"https:\/\/katrinelund.se\/en\/wp-json\/wp\/v2\/types\/page"}],"author":[{"embeddable":true,"href":"https:\/\/katrinelund.se\/en\/wp-json\/wp\/v2\/users\/2"}],"replies":[{"embeddable":true,"href":"https:\/\/katrinelund.se\/en\/wp-json\/wp\/v2\/comments?post=601"}],"version-history":[{"count":17,"href":"https:\/\/katrinelund.se\/en\/wp-json\/wp\/v2\/pages\/601\/revisions"}],"predecessor-version":[{"id":2003,"href":"https:\/\/katrinelund.se\/en\/wp-json\/wp\/v2\/pages\/601\/revisions\/2003"}],"up":[{"embeddable":true,"href":"https:\/\/katrinelund.se\/en\/wp-json\/wp\/v2\/pages\/47"}],"wp:attachment":[{"href":"https:\/\/katrinelund.se\/en\/wp-json\/wp\/v2\/media?parent=601"}],"curies":[{"name":"wp","href":"https:\/\/api.w.org\/{rel}","templated":true}]}}